{"id":1254,"date":"2023-06-07T01:32:49","date_gmt":"2023-06-07T01:32:49","guid":{"rendered":"https:\/\/alphasprachwelt.ch\/contact\/"},"modified":"2025-08-20T08:35:35","modified_gmt":"2025-08-20T08:35:35","slug":"contact","status":"publish","type":"page","link":"https:\/\/alphasprachwelt.ch\/fr\/contact\/","title":{"rendered":"Contact"},"content":{"rendered":"<section class=\"gb-container gb-container-ddc93cf8\">\n<div class=\"gb-container gb-container-a137aff0\">\n<h1 class=\"gb-headline gb-headline-7c621432 gb-headline-text\">Contact<\/h1>\n\n\n<h2 class=\"gb-headline gb-headline-5f9041aa gb-headline-text\">Alpha Sprachwelt<\/h2>\n\n<\/div>\n\n<div class=\"gb-container gb-container-e591666f\">\n\n<h3 class=\"gb-headline gb-headline-fa2c9cbc gb-headline-text\">INFORMATIONS<\/h3>\n\n\n\n<p>Alpha Sprachwelt est un site web d&rsquo;actualit\u00e9s bas\u00e9 en Suisse qui fournit des informations sur l&rsquo;\u00e9conomie, le monde num\u00e9rique et bien plus encore. En tant que source renomm\u00e9e d&rsquo;informations locales dans la r\u00e9gion, le site web propose des articles actuels et pertinents sur une vari\u00e9t\u00e9 de sujets. Des d\u00e9veloppements et tendances \u00e9conomiques aux innovations et d\u00e9fis num\u00e9riques, Alpha Sprachwelt couvre un large \u00e9ventail d&rsquo;int\u00e9r\u00eats.<\/p>\n\n\n\n<h2 class=\"gb-headline gb-headline-6d62d4b1 gb-headline-text\">Alpha Sprachwelt &#8211; Votre plateforme pour les actualit\u00e9s et informations actuelles.<\/h2>\n\n\n\n<p>Alpha Sprachwelt est un site web d&rsquo;actualit\u00e9s renomm\u00e9, fond\u00e9 en 2020. Notre mission est d&rsquo;offrir \u00e0 nos lecteurs un contenu de haute qualit\u00e9 dans les domaines les plus divers et de les tenir constamment inform\u00e9s.<\/p>\n\n\n\n<p>Nous sommes fiers d&rsquo;avoir Anja Davis comme CEO et l&rsquo;une des journalistes les plus talentueuses de Suisse. Gr\u00e2ce \u00e0 ses vastes connaissances et \u00e0 son exp\u00e9rience dans le secteur des m\u00e9dias, elle veille \u00e0 ce que nous vous pr\u00e9sentions toujours les informations les plus r\u00e9centes et les plus pertinentes.<\/p>\n\n\n\n<h2 class=\"gb-headline gb-headline-94be7e5e gb-headline-text\">Contact details<\/h2>\n\n\n\n<p class=\"gb-headline gb-headline-0983a7ac gb-headline-text\">contact@alphasprachwelt.ch<\/p>\n\n\n\n<div class=\"wp-block-group\"><div class=\"wp-block-group__inner-container is-layout-constrained wp-block-group-is-layout-constrained\">\n<p>Alpha Sprachwelt<\/p>\n\n\n\n<p>Utoquai 45,  <\/p>\n\n\n\n<p>CH-8008 Z\u00fcrich<\/p>\n<\/div><\/div>\n\n<\/div>\n<\/section>","protected":false},"excerpt":{"rendered":"<p>Contact Alpha Sprachwelt INFORMATIONS Alpha Sprachwelt est un site web d&rsquo;actualit\u00e9s bas\u00e9 en Suisse qui fournit des informations sur l&rsquo;\u00e9conomie, le monde num\u00e9rique et bien plus encore. En tant que source renomm\u00e9e d&rsquo;informations locales dans la r\u00e9gion, le site web propose des articles actuels et pertinents sur une vari\u00e9t\u00e9 de sujets. Des d\u00e9veloppements et tendances &#8230; <a title=\"Contact\" class=\"read-more\" href=\"https:\/\/alphasprachwelt.ch\/fr\/contact\/\" aria-label=\"En savoir plus sur Contact\">Lire la suite<\/a><\/p>\n","protected":false},"author":3,"featured_media":0,"parent":0,"menu_order":0,"comment_status":"closed","ping_status":"closed","template":"","meta":{"footnotes":""},"class_list":["post-1254","page","type-page","status-publish"],"yoast_head":"<!-- This site is optimized with the Yoast SEO plugin v21.2 - https:\/\/yoast.com\/wordpress\/plugins\/seo\/ -->\n<title>Contact - Alpha Sprachwelt<\/title>\n<meta name=\"robots\" content=\"index, follow, max-snippet:-1, max-image-preview:large, max-video-preview:-1\" \/>\n<link rel=\"canonical\" href=\"https:\/\/alphasprachwelt.ch\/fr\/contact\/\" \/>\n<meta property=\"og:locale\" content=\"fr_FR\" \/>\n<meta property=\"og:type\" content=\"article\" \/>\n<meta property=\"og:title\" content=\"Contact - Alpha Sprachwelt\" \/>\n<meta property=\"og:description\" content=\"Contact Alpha Sprachwelt INFORMATIONS Alpha Sprachwelt est un site web d&rsquo;actualit\u00e9s bas\u00e9 en Suisse qui fournit des informations sur l&rsquo;\u00e9conomie, le monde num\u00e9rique et bien plus encore. En tant que source renomm\u00e9e d&rsquo;informations locales dans la r\u00e9gion, le site web propose des articles actuels et pertinents sur une vari\u00e9t\u00e9 de sujets. Des d\u00e9veloppements et tendances ... Lire la suite\" \/>\n<meta property=\"og:url\" content=\"https:\/\/alphasprachwelt.ch\/fr\/contact\/\" \/>\n<meta property=\"og:site_name\" content=\"Alpha Sprachwelt\" \/>\n<meta property=\"article:modified_time\" content=\"2025-08-20T08:35:35+00:00\" \/>\n<meta name=\"twitter:card\" content=\"summary_large_image\" \/>\n<meta name=\"twitter:label1\" content=\"Dur\u00e9e de lecture estim\u00e9e\" \/>\n\t<meta name=\"twitter:data1\" content=\"1 minute\" \/>\n<script type=\"application\/ld+json\" class=\"yoast-schema-graph\">{\"@context\":\"https:\/\/schema.org\",\"@graph\":[{\"@type\":\"WebPage\",\"@id\":\"https:\/\/alphasprachwelt.ch\/fr\/contact\/\",\"url\":\"https:\/\/alphasprachwelt.ch\/fr\/contact\/\",\"name\":\"Contact - Alpha Sprachwelt\",\"isPartOf\":{\"@id\":\"https:\/\/alphasprachwelt.ch\/fr\/#website\"},\"datePublished\":\"2023-06-07T01:32:49+00:00\",\"dateModified\":\"2025-08-20T08:35:35+00:00\",\"breadcrumb\":{\"@id\":\"https:\/\/alphasprachwelt.ch\/fr\/contact\/#breadcrumb\"},\"inLanguage\":\"fr-FR\",\"potentialAction\":[{\"@type\":\"ReadAction\",\"target\":[\"https:\/\/alphasprachwelt.ch\/fr\/contact\/\"]}]},{\"@type\":\"BreadcrumbList\",\"@id\":\"https:\/\/alphasprachwelt.ch\/fr\/contact\/#breadcrumb\",\"itemListElement\":[{\"@type\":\"ListItem\",\"position\":1,\"name\":\"Accueil\",\"item\":\"https:\/\/alphasprachwelt.ch\/fr\/accueil\/\"},{\"@type\":\"ListItem\",\"position\":2,\"name\":\"Contact\"}]},{\"@type\":\"WebSite\",\"@id\":\"https:\/\/alphasprachwelt.ch\/fr\/#website\",\"url\":\"https:\/\/alphasprachwelt.ch\/fr\/\",\"name\":\"Alpha Sprachwelt: Nachrichten und schlagzeilen aus der schweiz\",\"description\":\"\",\"publisher\":{\"@id\":\"https:\/\/alphasprachwelt.ch\/fr\/#organization\"},\"potentialAction\":[{\"@type\":\"SearchAction\",\"target\":{\"@type\":\"EntryPoint\",\"urlTemplate\":\"https:\/\/alphasprachwelt.ch\/fr\/?s={search_term_string}\"},\"query-input\":\"required name=search_term_string\"}],\"inLanguage\":\"fr-FR\"},{\"@type\":\"Organization\",\"@id\":\"https:\/\/alphasprachwelt.ch\/fr\/#organization\",\"name\":\"Alpha Sprachwel\",\"url\":\"https:\/\/alphasprachwelt.ch\/fr\/\",\"logo\":{\"@type\":\"ImageObject\",\"inLanguage\":\"fr-FR\",\"@id\":\"https:\/\/alphasprachwelt.ch\/fr\/#\/schema\/logo\/image\/\",\"url\":\"https:\/\/alphasprachwelt.ch\/wp-content\/uploads\/2023\/09\/Alpha__2_-removebg-preview.png\",\"contentUrl\":\"https:\/\/alphasprachwelt.ch\/wp-content\/uploads\/2023\/09\/Alpha__2_-removebg-preview.png\",\"width\":200,\"height\":80,\"caption\":\"Alpha Sprachwel\"},\"image\":{\"@id\":\"https:\/\/alphasprachwelt.ch\/fr\/#\/schema\/logo\/image\/\"}}]}<\/script>\n<!-- \/ Yoast SEO plugin. -->","yoast_head_json":{"title":"Contact - Alpha Sprachwelt","robots":{"index":"index","follow":"follow","max-snippet":"max-snippet:-1","max-image-preview":"max-image-preview:large","max-video-preview":"max-video-preview:-1"},"canonical":"https:\/\/alphasprachwelt.ch\/fr\/contact\/","og_locale":"fr_FR","og_type":"article","og_title":"Contact - Alpha Sprachwelt","og_description":"Contact Alpha Sprachwelt INFORMATIONS Alpha Sprachwelt est un site web d&rsquo;actualit\u00e9s bas\u00e9 en Suisse qui fournit des informations sur l&rsquo;\u00e9conomie, le monde num\u00e9rique et bien plus encore. En tant que source renomm\u00e9e d&rsquo;informations locales dans la r\u00e9gion, le site web propose des articles actuels et pertinents sur une vari\u00e9t\u00e9 de sujets. Des d\u00e9veloppements et tendances ... Lire la suite","og_url":"https:\/\/alphasprachwelt.ch\/fr\/contact\/","og_site_name":"Alpha Sprachwelt","article_modified_time":"2025-08-20T08:35:35+00:00","twitter_card":"summary_large_image","twitter_misc":{"Dur\u00e9e de lecture estim\u00e9e":"1 minute"},"schema":{"@context":"https:\/\/schema.org","@graph":[{"@type":"WebPage","@id":"https:\/\/alphasprachwelt.ch\/fr\/contact\/","url":"https:\/\/alphasprachwelt.ch\/fr\/contact\/","name":"Contact - Alpha Sprachwelt","isPartOf":{"@id":"https:\/\/alphasprachwelt.ch\/fr\/#website"},"datePublished":"2023-06-07T01:32:49+00:00","dateModified":"2025-08-20T08:35:35+00:00","breadcrumb":{"@id":"https:\/\/alphasprachwelt.ch\/fr\/contact\/#breadcrumb"},"inLanguage":"fr-FR","potentialAction":[{"@type":"ReadAction","target":["https:\/\/alphasprachwelt.ch\/fr\/contact\/"]}]},{"@type":"BreadcrumbList","@id":"https:\/\/alphasprachwelt.ch\/fr\/contact\/#breadcrumb","itemListElement":[{"@type":"ListItem","position":1,"name":"Accueil","item":"https:\/\/alphasprachwelt.ch\/fr\/accueil\/"},{"@type":"ListItem","position":2,"name":"Contact"}]},{"@type":"WebSite","@id":"https:\/\/alphasprachwelt.ch\/fr\/#website","url":"https:\/\/alphasprachwelt.ch\/fr\/","name":"Alpha Sprachwelt: Nachrichten und schlagzeilen aus der schweiz","description":"","publisher":{"@id":"https:\/\/alphasprachwelt.ch\/fr\/#organization"},"potentialAction":[{"@type":"SearchAction","target":{"@type":"EntryPoint","urlTemplate":"https:\/\/alphasprachwelt.ch\/fr\/?s={search_term_string}"},"query-input":"required name=search_term_string"}],"inLanguage":"fr-FR"},{"@type":"Organization","@id":"https:\/\/alphasprachwelt.ch\/fr\/#organization","name":"Alpha Sprachwel","url":"https:\/\/alphasprachwelt.ch\/fr\/","logo":{"@type":"ImageObject","inLanguage":"fr-FR","@id":"https:\/\/alphasprachwelt.ch\/fr\/#\/schema\/logo\/image\/","url":"https:\/\/alphasprachwelt.ch\/wp-content\/uploads\/2023\/09\/Alpha__2_-removebg-preview.png","contentUrl":"https:\/\/alphasprachwelt.ch\/wp-content\/uploads\/2023\/09\/Alpha__2_-removebg-preview.png","width":200,"height":80,"caption":"Alpha Sprachwel"},"image":{"@id":"https:\/\/alphasprachwelt.ch\/fr\/#\/schema\/logo\/image\/"}}]}},"_links":{"self":[{"href":"https:\/\/alphasprachwelt.ch\/fr\/wp-json\/wp\/v2\/pages\/1254","targetHints":{"allow":["GET"]}}],"collection":[{"href":"https:\/\/alphasprachwelt.ch\/fr\/wp-json\/wp\/v2\/pages"}],"about":[{"href":"https:\/\/alphasprachwelt.ch\/fr\/wp-json\/wp\/v2\/types\/page"}],"author":[{"embeddable":true,"href":"https:\/\/alphasprachwelt.ch\/fr\/wp-json\/wp\/v2\/users\/3"}],"replies":[{"embeddable":true,"href":"https:\/\/alphasprachwelt.ch\/fr\/wp-json\/wp\/v2\/comments?post=1254"}],"version-history":[{"count":1,"href":"https:\/\/alphasprachwelt.ch\/fr\/wp-json\/wp\/v2\/pages\/1254\/revisions"}],"predecessor-version":[{"id":1255,"href":"https:\/\/alphasprachwelt.ch\/fr\/wp-json\/wp\/v2\/pages\/1254\/revisions\/1255"}],"wp:attachment":[{"href":"https:\/\/alphasprachwelt.ch\/fr\/wp-json\/wp\/v2\/media?parent=1254"}],"curies":[{"name":"wp","href":"https:\/\/api.w.org\/{rel}","templated":true}]}}